{"id":8810,"date":"2020-09-14T19:31:38","date_gmt":"2020-09-14T17:31:38","guid":{"rendered":"https:\/\/www.wendlandsinfonieorchester.de\/?page_id=8810"},"modified":"2026-01-04T12:35:15","modified_gmt":"2026-01-04T11:35:15","slug":"corona-aktuelle-aussichten","status":"publish","type":"page","link":"https:\/\/www.wendlandsinfonieorchester.de\/?page_id=8810","title":{"rendered":"Aktuelle Orchesterwerkstatt"},"content":{"rendered":"<p>Das Programm f\u00fcr die n\u00e4chste Arbeitsphase steht fest (\u00c4nderungen vorbehalten):<br \/>\nVom 21.-26. Mai 2026 treffen wir uns in Hanstedt I zur WSO-Phase \u00fcber Pfingsten, um folgendes Konzertprogramm zum Klingen zu bringen:<\/p>\n<ul>\n<li>Douglas Lilburn, &#8222;Aotearoa&#8220; Konzertouvert\u00fcre f\u00fcr Orchester<\/li>\n<li>\u2028Max Bruch, Konzert f\u00fcr Klarinette, Viola und Orchester in e-Moll op. 88<\/li>\n<li>\u2028Johannes Brahms, Sinfonie Nr. 3 in F-Dur op. 90<\/li>\n<\/ul>\n<p>Die Musikalische Leitung hat Philip Hildebrand.<\/p>\n<p>Save the date: Vom 27. Dezember 2026 bis 4. Januar 2027 treffen wir uns dann zur n\u00e4chsten Silvesterphase.<\/p>\n<p>Wir freuen uns auf euch,<br \/>\neuer WSO-Vorstand<\/p>\n","protected":false},"excerpt":{"rendered":"<p>Das Programm f\u00fcr die n\u00e4chste Arbeitsphase steht fest (\u00c4nderungen vorbehalten): Vom 21.-26. Mai 2026 treffen wir uns in Hanstedt I zur WSO-Phase \u00fcber Pfingsten, um folgendes Konzertprogramm zum Klingen zu bringen: Douglas Lilburn, &#8222;Aotearoa&#8220; Konzertouvert\u00fcre f\u00fcr Orchester \u2028Max Bruch, Konzert <a class=\"more-link\" href=\"https:\/\/www.wendlandsinfonieorchester.de\/?page_id=8810\">weiterlesen&#8230;<\/a><\/p>\n","protected":false},"author":27,"featured_media":0,"parent":0,"menu_order":0,"comment_status":"closed","ping_status":"closed","template":"","meta":{"footnotes":""},"class_list":["post-8810","page","type-page","status-publish","hentry"],"_links":{"self":[{"href":"https:\/\/www.wendlandsinfonieorchester.de\/index.php?rest_route=\/wp\/v2\/pages\/8810","targetHints":{"allow":["GET"]}}],"collection":[{"href":"https:\/\/www.wendlandsinfonieorchester.de\/index.php?rest_route=\/wp\/v2\/pages"}],"about":[{"href":"https:\/\/www.wendlandsinfonieorchester.de\/index.php?rest_route=\/wp\/v2\/types\/page"}],"author":[{"embeddable":true,"href":"https:\/\/www.wendlandsinfonieorchester.de\/index.php?rest_route=\/wp\/v2\/users\/27"}],"replies":[{"embeddable":true,"href":"https:\/\/www.wendlandsinfonieorchester.de\/index.php?rest_route=%2Fwp%2Fv2%2Fcomments&post=8810"}],"version-history":[{"count":20,"href":"https:\/\/www.wendlandsinfonieorchester.de\/index.php?rest_route=\/wp\/v2\/pages\/8810\/revisions"}],"predecessor-version":[{"id":10756,"href":"https:\/\/www.wendlandsinfonieorchester.de\/index.php?rest_route=\/wp\/v2\/pages\/8810\/revisions\/10756"}],"wp:attachment":[{"href":"https:\/\/www.wendlandsinfonieorchester.de\/index.php?rest_route=%2Fwp%2Fv2%2Fmedia&parent=8810"}],"curies":[{"name":"wp","href":"https:\/\/api.w.org\/{rel}","templated":true}]}}