{"id":827,"date":"2015-12-06T11:06:44","date_gmt":"2015-12-06T10:06:44","guid":{"rendered":"http:\/\/localhost\/~gernot\/wordpress-wso\/?page_id=827"},"modified":"2020-09-30T21:11:23","modified_gmt":"2020-09-30T19:11:23","slug":"allgemeine-weisheiten","status":"publish","type":"page","link":"https:\/\/www.wendlandsinfonieorchester.de\/?page_id=827","title":{"rendered":"Allgemeine Weisheiten"},"content":{"rendered":"<ul>\n<li>Wer \u00fcbt, ist feige.<\/li>\n<li>Wer heimlich \u00fcbt, f\u00e4llt seinen Kollegen in den R\u00fccken.<\/li>\n<li>Lieber 2 Minuten schwitzen als 2 Stunden \u00fcben.<\/li>\n<li>Stimmen ist Kommerz.<\/li>\n<li>Was ist der Unterschied zwischen einer Rockband und einer Jazzband? Die Rockband spielt 3 Akkorde vor 1000 Leuten. Bei der Jazzband ist es umgekehrt. Und hier noch mehr Orchesterklischees: <a href=\"http:\/\/www.musiktreff.info\/streicher-chor-blaeser-kombinationen\/2966-grabenkaempfe-von-stephan-handel.html\" target=\"_blank\" rel=\"noopener noreferrer\">Grabenk\u00e4mpfe<\/a> (Glosse \u00fcber Orchesterinterna, erschienen in der SZ)<\/li>\n<\/ul>\n<p><a href=\"?page_id=797\">zur\u00fcck zu den anderen Musikerwitzen<\/a><\/p>\n","protected":false},"excerpt":{"rendered":"<p>Wer \u00fcbt, ist feige. Wer heimlich \u00fcbt, f\u00e4llt seinen Kollegen in den R\u00fccken. Lieber 2 Minuten schwitzen als 2 Stunden \u00fcben. Stimmen ist Kommerz. Was ist der Unterschied zwischen einer Rockband und einer Jazzband? Die Rockband spielt 3 Akkorde vor <a class=\"more-link\" href=\"https:\/\/www.wendlandsinfonieorchester.de\/?page_id=827\">weiterlesen&#8230;<\/a><\/p>\n","protected":false},"author":27,"featured_media":0,"parent":797,"menu_order":0,"comment_status":"closed","ping_status":"closed","template":"","meta":{"footnotes":""},"class_list":["post-827","page","type-page","status-publish","hentry"],"_links":{"self":[{"href":"https:\/\/www.wendlandsinfonieorchester.de\/index.php?rest_route=\/wp\/v2\/pages\/827","targetHints":{"allow":["GET"]}}],"collection":[{"href":"https:\/\/www.wendlandsinfonieorchester.de\/index.php?rest_route=\/wp\/v2\/pages"}],"about":[{"href":"https:\/\/www.wendlandsinfonieorchester.de\/index.php?rest_route=\/wp\/v2\/types\/page"}],"author":[{"embeddable":true,"href":"https:\/\/www.wendlandsinfonieorchester.de\/index.php?rest_route=\/wp\/v2\/users\/27"}],"replies":[{"embeddable":true,"href":"https:\/\/www.wendlandsinfonieorchester.de\/index.php?rest_route=%2Fwp%2Fv2%2Fcomments&post=827"}],"version-history":[{"count":1,"href":"https:\/\/www.wendlandsinfonieorchester.de\/index.php?rest_route=\/wp\/v2\/pages\/827\/revisions"}],"predecessor-version":[{"id":8838,"href":"https:\/\/www.wendlandsinfonieorchester.de\/index.php?rest_route=\/wp\/v2\/pages\/827\/revisions\/8838"}],"up":[{"embeddable":true,"href":"https:\/\/www.wendlandsinfonieorchester.de\/index.php?rest_route=\/wp\/v2\/pages\/797"}],"wp:attachment":[{"href":"https:\/\/www.wendlandsinfonieorchester.de\/index.php?rest_route=%2Fwp%2Fv2%2Fmedia&parent=827"}],"curies":[{"name":"wp","href":"https:\/\/api.w.org\/{rel}","templated":true}]}}