{"id":816,"date":"2015-12-06T00:00:57","date_gmt":"2015-12-05T23:00:57","guid":{"rendered":"http:\/\/localhost\/~gernot\/wordpress-wso\/?page_id=816"},"modified":"2020-09-30T21:12:19","modified_gmt":"2020-09-30T19:12:19","slug":"dirigenten","status":"publish","type":"page","link":"https:\/\/www.wendlandsinfonieorchester.de\/?page_id=816","title":{"rendered":"Dirigenten"},"content":{"rendered":"<h1>Dirigenten-Witze<\/h1>\n<ul>\n<li>&#8222;Kennst du die Geschichte, in der der Dirigent mit &#8217;nem Strick in den Wald geht?&#8220;<br \/>\n&#8222;Ich auch nicht, aber sie f\u00e4ngt ganz gut an!&#8220;<\/li>\n<li>David Oistrach kommt in den Himmel. Petrus empf\u00e4ngt ihn: &#8222;Dort ist dein Platz im Himmlischen Orchester: zweite Geigen, vorletztes Pult.&#8220; &#8222;Was, soo weit hinten soll soll mein Platz sein??&#8220; &#8222;Das mu\u00dft Du verstehen: Konzertmeister ist Paganini, dann kommen die gro\u00dfen Virtuosen der letzten 300 Jahre&#8220; &#8222;Na gut, unter diesen Umst\u00e4nden ist der Platz f\u00fcr mich angemessen.&#8220; Die erste Probe beginnt. Alles versinkt im musikalischen Chaos. Oistrach wendet sich an seinen Nachbarn: &#8222;Wieso ist diese Probe so grottenschlecht, hier sind doch nur die Spitzenleute aus vielen Jahrhunderten?&#8220; &#8222;Das ist doch ganz leicht zu verstehen: es dirigiert der HErrgott pers\u00f6nlich, aber er h\u00e4lt sich f\u00fcr KARajahn!&#8220;<\/li>\n<li>Der Trompeter des Orchesters, ein starker Raucher, klagt seit geraumer Zeit \u00fcber Kopfschmerzen. Er sucht den Arzt auf und der stellt eine klare Diagnose: &#8222;Ihr Gehirn ist total verru\u00dft, das mu\u00df gereinigt werden. Lassen sie mal das Gehirn hier, ich reinige es, nach drei Wochen k\u00f6nnen sie es wieder abholen.&#8220;<br \/>\nDer Trompeter ist einverstanden. Die drei Wochen sind um, der Trompeter holt sein Gehirn nicht ab. Nach zwei Monaten trifft der Arzt den Trompeter: &#8222;Wollen Sie Ihr Gehirn nicht wieder abholen?&#8220;. &#8222;Nein , das brauch ich nicht mehr, ich bin Dirigent geworden&#8220;<\/li>\n<li>Was ist der Unterschied zwischen einem Kondom und einem Dirigent?<br \/>\nKeiner: Mit sicherer, ohne sch\u00f6ner.<\/li>\n<li>Was ist der Unterschied zwischen dem Leiter eines Schulchores und einem Schimpansen?<br \/>\nWissenschaftler haben bewiesen, da\u00df Schimpansen mit Menschen kommunizieren k\u00f6nnen.<\/li>\n<li>Ein grosser fetter und ein kleiner mickriger Dirigent stehen auf dem Eiffelturm. Wer kommt beim Runterspringen zuerst an?<br \/>\nGanz egal, Hauptsache beide springen!<\/li>\n<li>Der Dirigent schimpft immer mehr \u00fcber den Klang des Orchester, bis dieses einmal komplett den Einsatz verweigert.<br \/>\nDer Konzertmeister erkl\u00e4rt dem Dirigenten: &#8222;Sehen sie, so klingt ein Taktstock!&#8220;<\/li>\n<li>Was ist das Idealgewicht eines Kapellmeisters?<br \/>\n1,5 kg &#8211; mit Urne.<\/li>\n<li>&#8222;John, war der Kunde nicht zu frieden mit unserem Schuhassortiment?&#8220; fragt der Ladenbesitzer seinen Angestellten nachdem ein Kunde eine nicht enden wollende Zahl verschiedenster Schuhe ausprobiert hat.<br \/>\n&#8222;Aber nein, Chef. Das war ein Dirigent, der sucht zwei Schuhe, die c-moll 443 Herz quietschen.&#8220;<\/li>\n<li>Was ist der Unterschied zwischen einem Stier und einem Orchester?<br \/>\nBeim Stier sitzen die H\u00f6rner vorn und das Arschloch hinten!<\/li>\n<li>&#8222;Mama, kann man durch Analverkehr schwanger werden?&#8220;<br \/>\n&#8222;Nat\u00fcrlich, wie werden denn sonst Dirigenten gezeugt?&#8220;<\/li>\n<li>&#8222;Was dirigiert Karajan denn heute?&#8220; &#8222;Ich wei\u00df nicht, was er dirigiert. Wir spielen Beethovens F\u00fcnfte.&#8220;<\/li>\n<li>Ein blindes Kaninchen und eine blinde Schlange sto\u00dfen zusammen.<br \/>\n&#8222;Entschuldigung, ich hab dich nicht bemerkt, ich bin n\u00e4mlich blind.&#8220;<br \/>\n&#8222;Das macht nichts, ich bin ebenfalls blind.&#8220;<br \/>\nBeide beschlie\u00dfen, sich gegenseitig zu bef\u00fchlen, um einen Eindruck voneinander zu bekommen.<br \/>\n&#8222;Du bist weich und warm, und diese Ohren&#8230; Du mu\u00dft ein Kaninchen sein!&#8220;<br \/>\n&#8222;Stimmt genau. Moment, du bist kalt und schleimig, du mu\u00dft ein Dirigent sein!&#8220;<\/li>\n<li>Was ist der Unterschied zwischen Robotern und Dirigenten?<br \/>\nRoboter sind manchmal richtig menschlich.<\/li>\n<li>50er Jahre:<br \/>\nKarl B\u00f6hm, Furtw\u00e4ngler und Karajan streiten sich, wer der beste Dirigent f\u00fcr Mozart ist.<br \/>\nSagt Furtw\u00e4ngler: &#8222;Schaun sie sich die Kritiken an: Alles sagt, ich sei der beste Mozart-Dirigent.&#8220;<br \/>\nB\u00f6hm f\u00e4hrt ihn an:&#8220;Das kann nicht sein! Mir ist im Traum der liebe Gott pers\u00f6nlich erschienen und hat gesagt: &#8222;Du bist der beste Dirigent f\u00fcr Mozart.&#8220;<br \/>\nSpringt Karajan auf und faucht: &#8222;Was?! Das soll ich gesagt haben?!<\/li>\n<li>Harnoncourt, Hogwood und Gardiner st\u00fcrzen gemeinsam mit einem Flugzeug \u00fcber dem Atlantik ab. Wer wird gerettet?<br \/>\nMozart.<\/li>\n<li>Stell Dir vor, Harnoncourt ist tot.- (Pause, ernstes Gesicht).<br \/>\nEr starb im Krankenhaus.<br \/>\nAn einer Blinddarmoperation.<br \/>\nSie hatten historische Instrumente verwendet.<\/li>\n<li>Ein Dirigent fordert w\u00e4hrend der Probe den Pauker eines Orchesters auf, doch mal richtig kr\u00e4ftig und nicht so sch\u00fcchtern auf die Pauke zu hauen. Er sagt die Pauke w\u00fcrde ja klingen, als ob man mit einem schlaffen Pimmel auf einen Kochtopf schl\u00e4gt. Das Orchester emp\u00f6rt, der aufgebrachte Orchestervorstand und der Personalrat beschweren sich beim Intendanten, dieser verlangt eine \u00f6ffentliche Entschuldigung.<br \/>\nZur n\u00e4chsten Probe am darauffolgenden Tag tritt der Dirigent ans Pult. Erwartungsvolles Schweigen im Orchester. Der Dirigent zieht die \u00c4u\u00dferung zur\u00fcck und sagt, er habe sich geirrt.<br \/>\nGestern Abend habe seine Behauptung im Hotelzimmer selbst \u00fcberpr\u00fcft und das klinge ja nun wirklich ganz anders.<\/li>\n<li>Der Dirigent zum Orchester: \u201eWelche Muskeln treten in Aktion, wenn ich dirigiere?\u201c<br \/>\nStimme aus dem Orchester: \u201eUnsere Lachmuskeln!\u201c<\/li>\n<li>Was ist der Unterschied zwischen einem Dirigenten und einem Kutscher?<br \/>\nDer Kutscher schaut w\u00e4hrend der Arbeit nur auf zwei oder vier Arschl\u00f6cher.<\/li>\n<li>Bei einem Orchester geht der alte Dirigent in den wohlverdienten(?) Ruhestand. Es bewerben sich 3 Dirigenten als Nachfolger: Der erste ist schon ein erfahrener, alter Hase, der zweite kommt direkt von der Musikhochschule, und der dritte ist ein ehemaliger Dirigent eines Blasorchesters. Alle Drei werden zu einem Probedirigat eingeladen.<br \/>\nAls der erst vor dem Orchester am Pult steht sagt einer der ersten Klarinetten zu seinem Pultnachbarn: \u201eDu, den wollen wir doch gleich mal testen; lass uns in Takt 47 anstatt dem Fis ei F spielen!\u201c Gesagt-getan. Der Dirigent bricht sofort ab und sagt: \u201eDanke, das war in Ordnung, aber in Takt 47, in der ersten Klarinette, bitte das n\u00e4chste Mal ein Fis &#8211; kein F.\u201c<br \/>\nDie Klarinettisten sind beeindruckt und vereinbaren das gleiche beim zweiten Dirigenten, der sichtlich nerv\u00f6s vors Orchester tritt, doch auch er bricht ab: \u201eDas war schon recht gut, doch da war ein Fehler &#8211; in Takt 47; Erste Klarinette, Sie haben Ein F gespielt, wenn Sie sich die Stelle bitte nochmal ansehen w\u00fcrden, da haben Sie n\u00e4mlich ein Fis zu spielen.\u201c Auch dieser junge Dirigent scheint gut zu sein. Beim Blasmusikdirigenten sagen sich die beiden: \u201eNaja, das wollen wir doch lieber mal lassen,&#8230;\u201c<br \/>\nDas Dirigat verl\u00e4uft wunderbar, der Dirigent leitet das Orchester, als w\u00fcrde er schon seit Jahren mit ihm zusammenarbeiten, als pl\u00f6tzlich der Pauker fortissimo in die Generalpause wirbelt. Daraufhin der br\u00fcllt Dirigent mit hochrotem Gesicht in die Menge: \u201eWER WAR DAS?!?\u201c<\/li>\n<\/ul>\n<p><a href=\"?page_id=797\">zur\u00fcck zu den anderen Musikerwitzen<\/a><\/p>\n","protected":false},"excerpt":{"rendered":"<p>Dirigenten-Witze &#8222;Kennst du die Geschichte, in der der Dirigent mit &#8217;nem Strick in den Wald geht?&#8220; &#8222;Ich auch nicht, aber sie f\u00e4ngt ganz gut an!&#8220; David Oistrach kommt in den Himmel. Petrus empf\u00e4ngt ihn: &#8222;Dort ist dein Platz im Himmlischen <a class=\"more-link\" href=\"https:\/\/www.wendlandsinfonieorchester.de\/?page_id=816\">weiterlesen&#8230;<\/a><\/p>\n","protected":false},"author":27,"featured_media":0,"parent":797,"menu_order":0,"comment_status":"closed","ping_status":"closed","template":"","meta":{"footnotes":""},"class_list":["post-816","page","type-page","status-publish","hentry"],"_links":{"self":[{"href":"https:\/\/www.wendlandsinfonieorchester.de\/index.php?rest_route=\/wp\/v2\/pages\/816","targetHints":{"allow":["GET"]}}],"collection":[{"href":"https:\/\/www.wendlandsinfonieorchester.de\/index.php?rest_route=\/wp\/v2\/pages"}],"about":[{"href":"https:\/\/www.wendlandsinfonieorchester.de\/index.php?rest_route=\/wp\/v2\/types\/page"}],"author":[{"embeddable":true,"href":"https:\/\/www.wendlandsinfonieorchester.de\/index.php?rest_route=\/wp\/v2\/users\/27"}],"replies":[{"embeddable":true,"href":"https:\/\/www.wendlandsinfonieorchester.de\/index.php?rest_route=%2Fwp%2Fv2%2Fcomments&post=816"}],"version-history":[{"count":1,"href":"https:\/\/www.wendlandsinfonieorchester.de\/index.php?rest_route=\/wp\/v2\/pages\/816\/revisions"}],"predecessor-version":[{"id":8843,"href":"https:\/\/www.wendlandsinfonieorchester.de\/index.php?rest_route=\/wp\/v2\/pages\/816\/revisions\/8843"}],"up":[{"embeddable":true,"href":"https:\/\/www.wendlandsinfonieorchester.de\/index.php?rest_route=\/wp\/v2\/pages\/797"}],"wp:attachment":[{"href":"https:\/\/www.wendlandsinfonieorchester.de\/index.php?rest_route=%2Fwp%2Fv2%2Fmedia&parent=816"}],"curies":[{"name":"wp","href":"https:\/\/api.w.org\/{rel}","templated":true}]}}