{"id":812,"date":"2015-12-05T23:52:13","date_gmt":"2015-12-05T22:52:13","guid":{"rendered":"http:\/\/localhost\/~gernot\/wordpress-wso\/?page_id=812"},"modified":"2020-09-30T21:12:32","modified_gmt":"2020-09-30T19:12:32","slug":"blechblaeser","status":"publish","type":"page","link":"https:\/\/www.wendlandsinfonieorchester.de\/?page_id=812","title":{"rendered":"Blechbl\u00e4ser"},"content":{"rendered":"<h1>Blechbl\u00e4ser-Witze<\/h1>\n<h4>H\u00f6rner<\/h4>\n<ul>\n<li>Ein Dirigent fordert vom Hornisten solange, leiser zu spielen, bis dieser frustriert in der Generalprobe gar nicht mehr spielt.<br \/>\n\u201eJetzt war es schon fast gut, in der Auff\u00fchrung aber bitte noch etwas leiser!\u201c<\/li>\n<li>Wie bezeichnen Insider das Horn?<br \/>\nGl\u00fcckspirale.<br \/>\nNa gut, eigentlich ist nur das Naturhorn gemeint.<\/li>\n<li>Zwei H\u00f6rner halten Quinten aus. Auf einmal setzt der erste Hornist sein Instrument ab und sagt w\u00fctend zum zweiten: \u201eDu treibst!\u201c<\/li>\n<li>Sagt der Dirigent zum Hornisten: \u201eSpielen Sie doch bitte nochmal die Sext aufw\u00e4rts!\u201c<br \/>\nTaa-Kiecks<\/li>\n<li>Womit k\u00e4mpft die Horngruppe?<br \/>\nDer erste Hornist k\u00e4mpft mit der H\u00f6he, der zweite Hornist mit der Intonation, der dritte Hornist k\u00e4mpft mit den Pausentakten und der vierte Hornist mit dem Schlaf.<\/li>\n<li>Welche Hornarten sind in einem Polizeiorchester besetzt?<br \/>\nWaldhorn, Englischhorn, Tenorhorn und Martinshorn.<br \/>\nUnd in einem klassischen Hornquintett?<br \/>\nWaldhorn, Englischhorn, Alphorn, Leghorn und Nashorn.<br \/>\n(F\u00fcr Insider: letzteres ist selbstverst\u00e4ndlich mein Part.)<br \/>\nUnd im Oktett?<br \/>\nJagdhorn, Trinkhorn, Knallhorn.<br \/>\n(Mitteldeutsche Bezeichnung f\u00fcr Dummkopf)<\/li>\n<li>Woran erkennt man, das ein Hornist an der Haust\u00fcr klingelt?<br \/>\nDie Klingel kiekst.<\/li>\n<li>Warum spielen H\u00f6rner immer so gerne Nachschlag?<br \/>\nTun sie doch gar nicht &#8211; der Ton braucht so lange bis er durch\u00b4s Instrument durch ist.<\/li>\n<li>\u201eWie ist denn der Hornist als Liebhaber?\u201c<br \/>\n\u201eZiemlich st\u00fcrmisch, aber er schiebt mir beim K\u00fcssen jedesmal seinen Unterarm in den Arsch!\u201c<\/li>\n<li>Wie kann man mit einer Posaune wie auf einem Waldhorn spielen?<br \/>\nEine Hand in den Trichter stecken und lauter falsche T\u00f6ne spielen.<\/li>\n<li>Warum ist das Es-Horn ein g\u00f6ttliches Instrument?<br \/>\nEin Mensch bl\u00e4st zwar hinein, aber Gott allein wei\u00df, was raus kommt&#8230;<\/li>\n<\/ul>\n<h4>Trompeten<\/h4>\n<ul>\n<li>Vor einem Berg mit steht ein Trompeter und spielt immer wieder falsche T\u00f6ne. Einmal fragt ihn ein Passant, warum er das &#8222;f&#8220; immer zu hoch spielt, da antwortet der Trompeter:<br \/>\n\u201eIch spiele schon richtig. Aber sehen sie, da oben ist ein Kreuz. Das Echo schallt mir immer wieder ein &#8222;fis&#8220; zur\u00fcck.\u201c<\/li>\n<li>Wieviele Trompeter braucht man um eine Gl\u00fchbirne zu einzuschrauben?<br \/>\nF\u00fcnf. Einer schraubt sie rein und vier diskutieren wie G\u00fcnter Betz es gemacht h\u00e4tte.<\/li>\n<li>Orchesterprobe, Melodie (forte) in der Trompetenstimme.<br \/>\nDer Dirigent bricht ab:\u201eJetzt das ganze noch mal in Forte.\u201c<br \/>\nDie Trompentenspieler atmen nochmal tief ein und legen los.<br \/>\nDer Dirigent bricht wieder ab:\u201eNein, nein, Forte, bitte\u201c.<br \/>\nDie Trompeter kriegen schon hochrote K\u00f6pfe, aber die Dirigent<br \/>\nwinkt schon wieder ab.<br \/>\nDarauf der erste Trompeter:\u201eTut uns leid, lauter geht&#8217;s nicht!\u201c<br \/>\nDer Dirigent:\u201eWieso lauter? Forte, nicht Fortissimo!\u201c<\/li>\n<li>Was ist das Besondere an dem Ford T, den G\u00fcttler besitzt?<br \/>\nDer hat &#8217;ne historische 16-Ventil-Ballonhupe.<\/li>\n<li>\u201eHeh, toller Benz&#8230;&#8230;Wie hast Du denn den finanziert? \u201c \u201eIch habe meine Trompete dem Autoh\u00e4ndler in Zahlung gegeben. \u201c \u201eUnd das hat er akzeptiert? \u201c \u201eJa, er war sogar sehr gl\u00fccklich mit dem Handel, er wohnt \u00fcbrigens direkt \u00fcber mir&#8230; \u201c<\/li>\n<li>Trompeter geht am Sandkasten vorbei. Kleiner Bub spielt mit Sand. Trompeter: \u201eWos baus&#8217;dn do?\u201c Der Bub: \u201eAn Trompeter!\u201c Trompeter: \u201eWia geht&#8217;n des, Bub?\u201c &#8211; \u201eI nimm&#8216; Sand, Wasser und an Schei\u00dfdreck!\u201c Der Trompeter haut ihm eine &#8218;rein. Am n\u00e4chsten Tag dasselbe Spiel: Trompeter: \u201eWos baus&#8217;dn do?\u201c Bub: \u201eTrompeter!\u201c Trompeter: \u201eWia geht&#8217;n des?\u201c Bub: \u201eSand, Wasser, Schei\u00dfdreck!\u201c Trompeter: Haut ihm eine &#8218;rein. Dasselbe am n\u00e4chsten und am \u00fcber- n\u00e4chsten Tag: Wos?- Trompeter- Fotzn! Am f\u00fcnften Tag. Trompeter: \u201eWos baus&#8217;dn do?\u201c Bub: \u201eAn Akkordeonspieler!\u201c \u201eSo?\u201c, sagt der Trompeter, \u201eWia geht&#8217;n der?\u201c Bub: \u201eI nimm Wasser und Sand!\u201c Darauf der Trompeter: \u201eJa&#8230; und koan Schei\u00dfdreck?\u201c Darauf der Bua: \u201eNaa! Sonst wird&#8217;s ja wieda a Trompeter!\u201c<\/li>\n<li>Trompeter auf einer feinen Party zum Gastgeber: \u201eI bin so dumm, i hob keinen Gespr\u00e4chspartner hier.\u201c Darauf der Gastgeber freundlich: \u201eI bin a dumm, mit mir konnst de unterhoitn.\u201c Darauf der Trompeter: \u201eAh, des is guat, wos host&#8217;n du f\u00fcr a Mundst\u00fcck?\u201c<\/li>\n<li>Dirigent zum Trompeter: \u201eSie sollten Lotto spielen, das waren schon sechs Richtige.\u201c<\/li>\n<li>Ein Trompeter wird gefragt, wen er denn lieber h\u00e4tte, seine Frau oder seine Trompete?<br \/>\nEr sagt: \u201eDie Trompete, da kann ich das Mundst\u00fcck abnehmen.\u201c<\/li>\n<li>Sagt ein Bandmitglied zum Trompeter : \u201eMein Gott, das ist ja grauenvoll, Du spielst ja krumm und schief!\u201c<br \/>\nDaraufhin entgegnet der Trompeter : \u201eWas willst Du \u00fcberhaupt? Ich blase, was steht!\u201c<\/li>\n<\/ul>\n<h4>Posaunen<\/h4>\n<ul>\n<li>Ein Posaunist hat keine Lust, am Neujahrsmorgen aufzutreten sondern m\u00f6chte da lieber ausschlafen. Er fragt als seinen Hausmeister: \u201eSagen sie mal, k\u00f6nnen sie \u00fcbermorgen statt meiner Posaune spielen?\u201c \u201eWie, ich? Ich kann doch gar nicht Posaune spielen.\u201c \u201eIst doch ganz einfach, da sitzen noch 5 andere Posaunisten, wenn die anderen das Instrument an den Mund nehmen, machen sie das auch, und wenn die anderen die Posaune wieder absetzen, stellen sie die Posaune auch wieder ab.\u201c<br \/>\nDer Hausmeister l\u00e4\u00dft sich \u00fcberreden und dackelt ab. Am Abend nach der Auff\u00fchrung treffen sie sich wieder.<br \/>\n\u201eNa, wie war&#8217;s?\u201c fragt der Posaunist, \u201ehat alles geklappt bei der Auff\u00fchrung?\u201c \u201eVon wegen geklappt,\u201c antwortet der Hausmeister, \u201edie anderen 5 waren auch Hausmeister!&#8230;\u201c<\/li>\n<li>\u201eWie ist denn dein neuer Freund, der Posaunist?\u201c<br \/>\n\u201eNicht schlecht, aber beim K\u00fcssen hab ich immer so einen Blechgeschmack im Mund.\u201c<\/li>\n<li>Woran erkennt man, da\u00df ein Posaunist an der Haust\u00fcr klingelt?<br \/>\nDie Klingel schleppt.<\/li>\n<li>Was ist die Dynamik einer Ba\u00dfposaune?<br \/>\nEntweder an oder aus.<\/li>\n<li>Wie viele Posaunisten braucht man um eine Gl\u00fchbirne einzuschrauben?<br \/>\nF\u00fcnf. Einer stellt sich auf den Tisch und die \u00fcbrigen vier drehen den Tisch.<\/li>\n<li>Schon einer macht&#8217;s zu laut!<\/li>\n<li>Wie verbessert man die Aerodynamik eines Posaunistenautos?<br \/>\nMan nimmt das Pizza-Blitz Schild vom Dach.<\/li>\n<li>Auf der Stra\u00dfe liegen ein totgefahrener Frosch und ein totgefahrener Posaunist. Wo ist der Unterschied?<br \/>\nDer Frosch hatte die h\u00f6here Wahrscheinlichkeit unterwegs zum Gig zu sein.<\/li>\n<li>Was ist ein \u201eEisenbahn-Winnetou-Posaunist\u201c?<br \/>\nEiner der sich per Zug an den richtigen Ton heranschleicht!<\/li>\n<\/ul>\n<h4>Tuben<\/h4>\n<ul>\n<li>Vater Unser, der Tubist im Himmel.<\/li>\n<li>Wieviel Tubisten braucht man, um eine Gl\u00fchbirne einzuschrauben<br \/>\n&#8211; f\u00fcnf &#8211; einer h\u00e4lt die Gl\u00fchbirne und die anderen vier saufen, bis der Raum sich dreht.<\/li>\n<li>Lehmann kommt vom Fest nach Hause und erz\u00e4hlt.<br \/>\n\u201eDu, die Party war riesig. Die hatten da sogar ein goldenes Klo.\u201c<br \/>\n\u201eEhrlich? Das will ich sehen!\u201c.<br \/>\nSie fahren hin, klingeln, die Hausfrau macht auf.<br \/>\n\u201eHallo, ich war gestern bei ihnen zu Gast und wollte meiner Frau mal ihr goldenes Klo zeigen.\u201c<br \/>\n\u201eDu, Erwin\u201c, ruft die Frau ins Wohnzimmer, \u201eder Kerl, der gestern in deine Tuba geschissen hat, ist da!\u201c<\/li>\n<li>Warum umkreist das Sousaphon seinen Spieler?<br \/>\nDamit der das Instrument auch dann noch findet, wenn sich der Raum dreht.<\/li>\n<li>Dirigent: \u201eZur\u00fcck zu Takt zwei.\u201c<br \/>\nTubaspieler: \u201eMoment bitte, ich habe keine Taktzahlen!\u201c<\/li>\n<li>Warum spielen Tubaspieler in ihrem ganzen Leben nie verstecken?<br \/>\nKeiner w\u00fcrde sie suchen.<\/li>\n<\/ul>\n<h4>Blechbl\u00e4ser allgemein<\/h4>\n<ul>\n<li>Blechbl\u00e4ser kennen den allerk\u00fcrzesten Musikerwitz:<br \/>\npiano.<\/li>\n<li>Oder: Der k\u00fcrzeste Blechbl\u00e4serwitz?<br \/>\nGehen zwei Blechbl\u00e4ser an einer Kneipe vorbei.<\/li>\n<li>Wie nennt man es, wenn im Gottesdienst statt der Orgel der Posaunenchor spielt?<br \/>\nBlas-Phemie.<\/li>\n<\/ul>\n<p><a href=\"?page_id=797\">zur\u00fcck zu den anderen Musikerwitzen<\/a><\/p>\n","protected":false},"excerpt":{"rendered":"<p>Blechbl\u00e4ser-Witze H\u00f6rner Ein Dirigent fordert vom Hornisten solange, leiser zu spielen, bis dieser frustriert in der Generalprobe gar nicht mehr spielt. \u201eJetzt war es schon fast gut, in der Auff\u00fchrung aber bitte noch etwas leiser!\u201c Wie bezeichnen Insider das Horn? <a class=\"more-link\" href=\"https:\/\/www.wendlandsinfonieorchester.de\/?page_id=812\">weiterlesen&#8230;<\/a><\/p>\n","protected":false},"author":27,"featured_media":0,"parent":797,"menu_order":0,"comment_status":"closed","ping_status":"closed","template":"","meta":{"footnotes":""},"class_list":["post-812","page","type-page","status-publish","hentry"],"_links":{"self":[{"href":"https:\/\/www.wendlandsinfonieorchester.de\/index.php?rest_route=\/wp\/v2\/pages\/812","targetHints":{"allow":["GET"]}}],"collection":[{"href":"https:\/\/www.wendlandsinfonieorchester.de\/index.php?rest_route=\/wp\/v2\/pages"}],"about":[{"href":"https:\/\/www.wendlandsinfonieorchester.de\/index.php?rest_route=\/wp\/v2\/types\/page"}],"author":[{"embeddable":true,"href":"https:\/\/www.wendlandsinfonieorchester.de\/index.php?rest_route=\/wp\/v2\/users\/27"}],"replies":[{"embeddable":true,"href":"https:\/\/www.wendlandsinfonieorchester.de\/index.php?rest_route=%2Fwp%2Fv2%2Fcomments&post=812"}],"version-history":[{"count":1,"href":"https:\/\/www.wendlandsinfonieorchester.de\/index.php?rest_route=\/wp\/v2\/pages\/812\/revisions"}],"predecessor-version":[{"id":8844,"href":"https:\/\/www.wendlandsinfonieorchester.de\/index.php?rest_route=\/wp\/v2\/pages\/812\/revisions\/8844"}],"up":[{"embeddable":true,"href":"https:\/\/www.wendlandsinfonieorchester.de\/index.php?rest_route=\/wp\/v2\/pages\/797"}],"wp:attachment":[{"href":"https:\/\/www.wendlandsinfonieorchester.de\/index.php?rest_route=%2Fwp%2Fv2%2Fmedia&parent=812"}],"curies":[{"name":"wp","href":"https:\/\/api.w.org\/{rel}","templated":true}]}}