{"id":7829,"date":"2018-06-25T14:09:01","date_gmt":"2018-06-25T12:09:01","guid":{"rendered":"https:\/\/www.wendlandsinfonieorchester.de\/?page_id=7829"},"modified":"2023-10-22T22:11:37","modified_gmt":"2023-10-22T20:11:37","slug":"datenschutzerklaerung-2","status":"publish","type":"page","link":"https:\/\/www.wendlandsinfonieorchester.de\/?page_id=7829","title":{"rendered":"Datenschutzerkl\u00e4rung"},"content":{"rendered":"<h2>Einleitung<\/h2>\n<p>Das WSO veranstaltet zweimal j\u00e4hrlich \u2013 \u00fcber Silvester und Pfingsten \u2013 Orchesterwerkst\u00e4tten. Die Nutzung der Internetseite des WSO ist grunds\u00e4tzlich ohne jede Angabe personenbezogener Daten m\u00f6glich. Sofern eine betroffene Person sich \u00fcber die Internetseite des WSO registriert oder \u00fcber Angaben auf der Internetseite Kontakt zum Verein aufnimmt, kann jedoch eine Verarbeitung personenbezogener Daten erforderlich werden. Ist die Verarbeitung personenbezogener Daten erforderlich und besteht f\u00fcr eine solche Verarbeitung keine andere Rechtsgrundlage, holt das WSO eine Einwilligung der betroffenen Person ein.<\/p>\n<p>Mittels dieser Datenschutzerkl\u00e4rung m\u00f6chten wir \u00fcber Art, Umfang und Zweck der vom WSO erhobenen, genutzten und verarbeiteten personenbezogenen Daten in dieser Internetseite sowie die betroffenen Personen zustehenden Rechte informieren.<\/p>\n<p>Die in dieser Datenschutzerkl\u00e4rung verwendeten Begrifflichkeiten sind im Sinne der Europ\u00e4ischen Datenschutz-Grundverordnung (DSGVO) und des Bundesdatenschutzgesetzes zu verstehen.<\/p>\n<h2>Name und Anschrift des f\u00fcr die Verarbeitung Verantwortlichen<\/h2>\n<p>Verantwortlicher im Sinne des Datenschutzrechts ist das:<\/p>\n<p>Wendland-Sinfonieorchester e.V.<br \/>\nc\/o Reef Eilers<br \/>\nPoeler Ring 55<br \/>\n26131 Oldenburg<br \/>\nE-Mail: <a href=\"wp-content\/plugins\/wso-settings\/emailreef.php\"><span class=\"e0\">3<\/span><span class=\"e2\">wso<\/span><span class=\"e0\">4<\/span><span class=\"e0\">g<\/span><span class=\"e0\">g<\/span><span class=\"e0\">de<\/span><span class=\"e0\">8<\/span><span class=\"e0\">d<\/span><span class=\"e0\">&<\/span><span class=\"e2\">.r<\/span><span class=\"e0\">f<\/span><span class=\"e0\">.<\/span><span class=\"e2\">eef<\/span><span class=\"e0\">&<\/span><span class=\"e2\">@ei<\/span><span class=\"e1\">le.<\/span><span class=\"e0\">4<\/span><span class=\"e1\">rs<\/span><\/a><br \/>\nTelefon: 0179-1228934<\/p>\n<h3>Vertreten durch:<\/h3>\n<p>Karin Brehm, 1. Vorsitzende<br \/>\nJochen Rall, Gesch\u00e4ftsf\u00fchrer<\/p>\n<h2>Kontaktm\u00f6glichkeit<\/h2>\n<p>Die Internetseite des WSO enth\u00e4lt Angaben und Formulare, die eine schnelle elektronische Kontaktaufnahme unter Angabe von Namen und E-Mailadresse und ggfls. weiteren Angaben erm\u00f6glichen. Die Angabe von Name und E-Mailadresse ist zur sp\u00e4teren Kontaktaufnahme erforderlich. Die von der betroffenen Person \u00fcbermittelten personenbezogenen Daten werden automatisch intern und nur zum Zweck der Bearbeitung oder der Kontaktaufnahme zur betroffenen Person gespeichert.<\/p>\n<h2>Registrierung auf der Internetseite des WSO<\/h2>\n<p>\u00dcber die Internetseite des WSO k\u00f6nnen sich Mitglieder*innen des Vereins, Teilnehmer*innen oder sonstige Mitwirkende von bevorstehenden und vergangenen Orchesterphasen registrieren und f\u00fcr Orchesterwerkst\u00e4tten anmelden. Bei Registrierung und Anmeldung von betroffenen Personen erhebt das WSO personenbezogene Daten, um vereinsinterne Informationen nur Mitglieder*innen des Vereins, Teilnehmer*innen der Orchesterwerkst\u00e4tten und sonstigen Mitwirkenden zur Verf\u00fcgung zu stellen und die Orchesterwerkst\u00e4tten organisieren zu k\u00f6nnen. Ohne Bereitstellung der Daten ist dies nicht m\u00f6glich.<\/p>\n<p>Rechtsgrundlage f\u00fcr die Erhebung dieser Daten sind Art. 6 Abs. 1 f) DSGVO bzw. die Einwilligung der Vereinsmitglieder*innen, Teilnehmer*innen oder sonstigen Mitwirkenden der Orchesterwerkst\u00e4tten. Mehr Informationen entnehmen Sie bitte dem f\u00fcr die Registrierung auf der Internetseite und Anmeldung f\u00fcr Orchesterwerkst\u00e4tten jeweils bereit gestellten Informationsblatt zum Datenschutz im Rahmen der Aktivit\u00e4ten des WSO.<\/p>\n<h2>Pr\u00e4senzen in sozialen Netzwerken (Social Media)<\/h2>\n<p>Wir unterhalten zur F\u00f6rderung des Vereinszwecks Onlinepr\u00e4senzen innerhalb sozialer Netzwerke (Facebook und Instagram) und verarbeiten bei Aufruf der Onlinepr\u00e4senzen des Orchesters innerhalb des sozialen Netzwerks Daten der Nutzer. Die Daten der Nutzer werden dar\u00fcber hinaus von den Betreibern der sozialen Netzwerke au\u00dferhalb des Raumes der Europ\u00e4ischen Union zu eigenen Zwecken der Betreiber der sozialen Netzwerke verarbeitet. Die eigenen Zwecke der Betreiber der sozialen Netzwerke beinhalten z. B. Marktforschungs- und Werbezwecke. Dabei werden Nutzerdaten (Nutzerpr\u00e4ferenzen, -verhalten und ggfls. Ger\u00e4tedaten) mittels Cookies erfasst.<\/p>\n<p>F\u00fcr eine detaillierte Darstellung der jeweiligen Verarbeitungsformen und der Widerspruchsm\u00f6glichkeiten (Opt-Out) verweisen wir auf die Datenschutzerkl\u00e4rungen und Angaben der Betreiber der jeweiligen Netzwerke:<\/p>\n<ul>\n<li>Instagram Inc., 1601 Willow Road, Menlo Park, CA, 94025, USA; Website:  <a href=\"https:\/\/www.instagram.com\">https:\/\/www.instagram.com<\/a>; Datenschutzerkl\u00e4rung:  <a href=\"https:\/\/instagram.com\/about\/legal\/privacy\">https:\/\/instagram.com\/about\/legal\/privacy<\/a><\/li>\n<li>Facebook Ireland Ltd., 4 Grand Canal Square, Grand Canal Harbour, Dublin 2, Irland; Website:  <a href=\"https:\/\/www.facebook.com\">https:\/\/www.facebook.com<\/a>; Datenschutzerkl\u00e4rung:  <a href=\"https:\/\/www.facebook.com\/about\/privacy\">https:\/\/www.facebook.com\/about\/privacy<\/a><\/li>\n<\/ul>\n<h2>Erfassung von allgemeinen Daten und Informationen (Logfiles)<\/h2>\n<p>Die Internetseite des WSO erfasst mit jedem Aufruf durch eine betroffene Person automatisch Informationen in so genannten Server-Log Files, die Ihr Browser automatisch an den Verein \u00fcbermittelt. Dies sind:<\/p>\n<ul>\n<li>Browsertyp und Browserversion<\/li>\n<li>verwendetes Betriebssystem<\/li>\n<li>Referrer URL<\/li>\n<li>Hostname des zugreifenden Rechners<\/li>\n<li>IP-Adresse<\/li>\n<li>Internet-Service-Provider des zugreifenden Systems<\/li>\n<li>Uhrzeit der Serveranfrage<\/li>\n<\/ul>\n<p>Diese Daten sind in der Regel nicht einer bestimmten Person zuordenbar. Eine Zusammenf\u00fchrung dieser Daten mit anderen Datenquellen wird nicht vorgenommen.<\/p>\n<h2>Routinem\u00e4\u00dfige L\u00f6schung und Sperrung von personenbezogenen Daten<\/h2>\n<p>Das WSO verarbeitet personenbezogene Daten der betroffenen Person nur f\u00fcr den Zeitraum, der zur Erreichung des Speicherungszwecks erforderlich bzw. f\u00fcr den die Einwilligung erteilt ist und im Einklang mit der Datenschutz-Grundverordnung und dem Bundesdatenschutzgesetz. Danach werden die personenbezogenen Daten routinem\u00e4\u00dfig und entsprechend den gesetzlichen Vorschriften gesperrt oder gel\u00f6scht.<\/p>\n<h2>Rechte der betroffenen Person<\/h2>\n<p>Sie haben jederzeit das Recht, Auskunft \u00fcber die gespeicherten Daten, deren Herkunft und Empf\u00e4nger und den Zweck der Datenverarbeitung zu erhalten, sowie auf Berichtigung oder L\u00f6schung oder auf Einschr\u00e4nkung der Verarbeitung oder -soweit die Verarbeitung auf Ihrer Einwilligung basiert- ein Widerrufsrecht, ggfls. ein Widerspruchsrecht sowie das Recht auf Daten\u00fcbertragbarkeit. Hierzu sowie zu weiteren Fragen zum Thema personenbezogene Daten k\u00f6nnen Sie sich jederzeit an uns wenden.<\/p>\n<h2>Datenschutzordnung<\/h2>\n<p>Die Datenschutzordnung des WSO kann <a href=wp-content\/uploads\/2019\/10\/datenschutzordnung_wso_version_1.0.pdf\">hier<\/a> herunter geladen werden.<\/p>\n<h2>Datenschutz-Informationsblatt<\/h2>\n<p>Das Informationsblatt zur Erf\u00fcllung der Informationspflichten aus Art. 13 DSGVO kann <a href=\"wp-content\/uploads\/2019\/10\/infoblatt-datenschutz-wso.pdf\">hier<\/a> herunter geladen werden.<\/p>\n","protected":false},"excerpt":{"rendered":"<p>Einleitung Das WSO veranstaltet zweimal j\u00e4hrlich \u2013 \u00fcber Silvester und Pfingsten \u2013 Orchesterwerkst\u00e4tten. Die Nutzung der Internetseite des WSO ist grunds\u00e4tzlich ohne jede Angabe personenbezogener Daten m\u00f6glich. Sofern eine betroffene Person sich \u00fcber die Internetseite des WSO registriert oder \u00fcber <a class=\"more-link\" href=\"https:\/\/www.wendlandsinfonieorchester.de\/?page_id=7829\">weiterlesen&#8230;<\/a><\/p>\n","protected":false},"author":27,"featured_media":0,"parent":0,"menu_order":0,"comment_status":"closed","ping_status":"closed","template":"","meta":{"footnotes":""},"class_list":["post-7829","page","type-page","status-publish","hentry"],"_links":{"self":[{"href":"https:\/\/www.wendlandsinfonieorchester.de\/index.php?rest_route=\/wp\/v2\/pages\/7829","targetHints":{"allow":["GET"]}}],"collection":[{"href":"https:\/\/www.wendlandsinfonieorchester.de\/index.php?rest_route=\/wp\/v2\/pages"}],"about":[{"href":"https:\/\/www.wendlandsinfonieorchester.de\/index.php?rest_route=\/wp\/v2\/types\/page"}],"author":[{"embeddable":true,"href":"https:\/\/www.wendlandsinfonieorchester.de\/index.php?rest_route=\/wp\/v2\/users\/27"}],"replies":[{"embeddable":true,"href":"https:\/\/www.wendlandsinfonieorchester.de\/index.php?rest_route=%2Fwp%2Fv2%2Fcomments&post=7829"}],"version-history":[{"count":7,"href":"https:\/\/www.wendlandsinfonieorchester.de\/index.php?rest_route=\/wp\/v2\/pages\/7829\/revisions"}],"predecessor-version":[{"id":10173,"href":"https:\/\/www.wendlandsinfonieorchester.de\/index.php?rest_route=\/wp\/v2\/pages\/7829\/revisions\/10173"}],"wp:attachment":[{"href":"https:\/\/www.wendlandsinfonieorchester.de\/index.php?rest_route=%2Fwp%2Fv2%2Fmedia&parent=7829"}],"curies":[{"name":"wp","href":"https:\/\/api.w.org\/{rel}","templated":true}]}}