{"id":7173,"date":"2018-01-08T11:14:03","date_gmt":"2018-01-08T10:14:03","guid":{"rendered":"https:\/\/www.wendlandsinfonieorchester.de\/?page_id=7173"},"modified":"2022-12-02T16:35:18","modified_gmt":"2022-12-02T15:35:18","slug":"allgemeine-infos-a-z","status":"publish","type":"page","link":"https:\/\/www.wendlandsinfonieorchester.de\/?page_id=7173","title":{"rendered":"Allgemeine Infos A-Z"},"content":{"rendered":"<p>Hier listen wir n\u00e4here Informationen zu verschiedensten Themen und Details auf, mit deren Hilfe ihr euch ein Bild vom Ablauf unserer Probenphasen machen k\u00f6nnt.<\/p>\n<h2>Abholung vom Bahnhof<\/h2>\n<p>F\u00fcr diejenigen, die mit der Bahn anreisen wollen, gibt es zwei M\u00f6glichkeiten: den Bahnhof in Uelzen oder in Ebstorf. Der Ebstorfer Bahnhof ist dichter an Hanstedt I gelegen und erleichtert uns die Abholung sehr, ist allerdings schwerer per Bahn zu erreichen. Die meisten nutzen den Bahnhof in Uelzen. Von dort organisieren wir eine Abholung. Rechtzeitig vor der Probenphase schicken wir einen Kontakt rum, dem ihr euren Abholungswunsch mitteilen k\u00f6nnt. Wir koordinieren es dann, dass euch jemand am Bahnhof abholt. Wir versuchen nat\u00fcrlich, nicht f\u00fcr jeden einzeln zu fahren, also m\u00fcsst ihr eventuell ein paar Minuten Wartezeit einplanen. Au\u00dferdem bitten wir alle, die mit dem Auto anreisen, noch Platz haben und durch Uelzen kommen, am Bahnhof vorbeizufahren und eventuell wartende Personen mit Instrumenten anzusprechen und mitzunehmen. Allermeistens wollen diese auch nach Hanstedt I.<\/p>\n<h2>Chaosprobe<\/h2>\n<p>Die sogenannte Chaosprobe ist die erste Tutti-Probe am Anreiseabend. Nach dem Abendessen, meistens gegen 20:00, wird das gesamte Programm einmal durchgespielt.<\/p>\n<h2 id=\"dekoteam\">Dekoteam<\/h2>\n<p>Das Dekoteam wird \u00fcblicherweise aus den neuen Mitspielenden der Silvesterphase mit Unterst\u00fctzung der Kinder und schon l\u00e4nger Mitspielenden gebildet und ist verantwortlich f\u00fcr die Dekorierung des Kaminzimmers f\u00fcr die Silvesterparty. Es gibt ein kleines Budget f\u00fcr den Kauf neuer Materialien und einige Kisten mit Resten der letzten Silvesterphasen. Ihr habt den ganzen Nachmittag des Silvestertages das Kaminzimmer f\u00fcr euch und k\u00f6nnt euch ungest\u00f6rt austoben \ud83d\ude09<\/p>\n<h2 id=\"einkaufen\">Einkaufsm\u00f6glichkeiten<\/h2>\n<p>In Hanstedt selber gibt es keine Einkaufsm\u00f6glichkeiten f\u00fcr Vergessenes, daf\u00fcr aber in Ebstorf, das mit dem Auto ca. f\u00fcnf Minuten entfernt ist. Dort gibt es u.a. eine Apotheke, einen Rossmann, Edeka, Lidl, Penny, einen Schreibwarenladen und vieles mehr. Da immer irgend jemand etwas vergessen hat, f\u00e4hrt immer jemand mal nach Ebstorf. Meldet euch einfach beim Orchestervorstand, falls ihr nicht selber fahren k\u00f6nnt und etwas braucht.<\/p>\n<h2 id=\"feedbackboegen\">Feedbackb\u00f6gen<\/h2>\n<p>Die Feedback-Umfragezettel werden gegen Ende der Probenphase auf dem Klavier im Kaminzimmer ausgelegt. Durch Ausf\u00fcllen gebt ihr uns und dem MZ eine wichtige R\u00fcckmeldung zur aktuellen Probenphase. Die ausgef\u00fcllten Zettel k\u00f6nnen in eine ebenfalls auf dem Klavier liegende Mappe gelegt werden.<\/p>\n<h2 id=\"flyer&quot;\">Flyer Generalprobe<\/h2>\n<p>Auf dem Klavier im Kaminzimmer findet ihr Flyer und Plakate f\u00fcr die \u00f6ffentliche <a href=\"#generalprobe\">Generalprobe<\/a>, die wir m\u00f6glichst breit verteilen m\u00fcssen, wenn wir Besucher*innen haben wollen. Wenn ihr vorhabt, spazieren zu gehen oder nach Ebstorf zu fahren, nehmt euch gerne einige Flyer mit und verteilt sie im Ort, in den Gesch\u00e4ften usw.<\/p>\n<h2>Fundsachen<\/h2>\n<p> <a href=\"wp-content\/uploads\/2018\/01\/fundsachen.jpg\"><img decoding=\"async\" src=\"wp-content\/uploads\/2018\/01\/fundsachen_klein.jpg\" alt=\"\" width=\"100\" class=\"alignright\"><\/a> Es gibt im Flur vor dem Kaminzimmer einen Tisch, auf dem alle Fundsachen gesammelt werden. Was dort am Tag des letzten Konzertes noch liegt, wird vom Vorstand zur letzten Anspielprobe mitgebracht in der Hoffnung, dass sich der\/die Besitzer*in meldet. Wenn ihr dennoch etwas verloren habt, meldet euch nach der Probenphase beim Orchestervorstand oder beim MZ.<\/p>\n<h2 id=\"generalprobe\">Generalprobe<\/h2>\n<p> <a href=\"wp-content\/uploads\/2018\/01\/generalprobe.jpg\"><img decoding=\"async\" src=\"wp-content\/uploads\/2018\/01\/generalprobe_klein.jpg\" alt=\"\" width=\"100\" class=\"alignright\"><\/a> Die Generalprobe ist \u00f6ffentlich und l\u00e4uft bisher eher wie ein Konzert ohne Unterbrechung ab. Dazu fahren wir gemeinsam ins benachbarte Ebstorf und nutzen dort die Turnhalle der Mauritius-Grundschule. Konzertkleidung ist nicht n\u00f6tig, bitte denkt nur daran, dass es in der Silvesterphase etwas k\u00fchler ist als in beheizten Wohnr\u00e4umen.<\/p>\n<h2 id=\"&quot;getraenkeliste\">Getr\u00e4nkeliste<\/h2>\n<p> <a href=\"wp-content\/uploads\/2018\/01\/bierkisten.jpg\"><img decoding=\"async\" src=\"wp-content\/uploads\/2018\/01\/bierkisten_klein.jpg\" alt=\"\" width=\"100\" class=\"alignright\"><\/a> <a href=\"wp-content\/uploads\/2018\/01\/getraenkekasse.jpg\"><img decoding=\"async\" src=\"wp-content\/uploads\/2018\/01\/getraenkekasse_klein.jpg\" alt=\"\" width=\"100\" class=\"alignright\"><\/a> Im Flur des Haupthauses, neben den Toiletten bei den Getr\u00e4nkekisten, wird die Getr\u00e4nkeliste aufgeh\u00e4ngt. Hier m\u00fcsst ihr einen Strich f\u00fcr jedes Getr\u00e4nk eintragen, das ihr euch aus den Kisten nehmt. Es gibt Bier, Wasser und verschiedene Limonaden. Au\u00dferdem m\u00fcsst ihr hier auch eintragen, wieviel Feuerzangenbowle ihr zu Silvester trinkt oder ob ihr Bettw\u00e4sche vom MZ geliehen habt. Am Tag des letzten Konzertes wird neben dieser Getr\u00e4nkeliste eine Kasse aufgestellt, in die ihr bitte eure zusammen gerechneten (gerne aufrunden!) Getr\u00e4nke einzahlt. Nach der Einzahlung bitte eure Namen aus der Liste streichen!<\/p>\n<h2 id=\"grillparty\">Grillparty Pfingsten<\/h2>\n<p>W\u00e4hrend der Pfingstphase gibt es einen Grillabend, an dem die Proben etwas fr\u00fcher beendet werden. Wann er genau stattfindet, wird je nach Wetter und Probenplan individuell festgelegt.<\/p>\n<h2 id=\"hanstedt\">Hanstedt I<\/h2>\n<p> <a href=\"wp-content\/uploads\/2018\/01\/umgebung4.jpg\"><img decoding=\"async\" src=\"wp-content\/uploads\/2018\/01\/umgebung4_klein.jpg\" alt=\"\" width=\"100\" class=\"alignright\"><\/a> <a href=\"wp-content\/uploads\/2018\/01\/umgebung3.jpg\"><img decoding=\"async\" src=\"wp-content\/uploads\/2018\/01\/umgebung3_klein.jpg\" alt=\"\" width=\"111\" class=\"alignright\"><\/a> <a href=\"wp-content\/uploads\/2018\/01\/umgebung2.jpg\"><img decoding=\"async\" src=\"wp-content\/uploads\/2018\/01\/umgebung2_klein.jpg\" alt=\"\" width=\"100\" class=\"alignright\"><\/a> <a href=\"wp-content\/uploads\/2018\/01\/umgebung1.jpg\"><img decoding=\"async\" src=\"wp-content\/uploads\/2018\/01\/umgebung1_klein.jpg\" alt=\"\" width=\"100\" class=\"alignright\"><\/a> In Hanstedt I befindet sich das <a href=\"#missionarischeszentrum\">Missionarische Zentrum<\/a> (MZ), in dem wir w\u00e4hrend der Probenphasen untergebracht sind. Da die wichtigsten Infos auf <a href=\"https:\/\/de.wikipedia.org\/wiki\/Hanstedt_(Landkreis_Uelzen)\" rel=\"noopener noreferrer\" target=\"_blank\">Wikipedia<\/a> zu finden sind, gibt es hier einfach ein paar Bilder der Umgebung von Hanstedt I. <\/p>\n<h2>Internet &amp; Telefon<\/h2>\n<p>Im Bereich des MZ in Hanstedt gibt es leider nur sehr schlechten Handyempfang. Telefonieren funktioniert am besten auf dem Basketballplatz. Es gibt in den einzelnen H\u00e4usern WLAN-Netze, die kostenfrei genutzt werden k\u00f6nnen, aber in der Vergangenheit nicht immer zuverl\u00e4ssig funktionierten. Auch reichen diese WLAN-Netze nicht bis in jedes Zimmer. Stellt euch also am besten darauf ein, mal ein paar Tage schlecht erreichbar zu sein. Der Name des WLAN und der Zugangscode h\u00e4ngen an der <a href=\"#magischewand\">magischen Wand<\/a>.<\/p>\n<h2 id=\"kaffee\">Kaffee<\/h2>\n<p>Im Kaminzimmer wird ein Tisch mit mehreren Kaffeemaschinen und Wasserkochern aufgebaut. Den Kaffee und die Tees besorgt der Vorstand, f\u00fcr das Kochen (Tassen wegbringen, Tisch abwischen&#8230;) sollte sich dagegen jeder verantwortlich f\u00fchlen. Die gerade Probenden werden sich sehr freuen, dort in der Pause frischen Kaffee\/hei\u00dfes Wasser zu finden. Hier k\u00f6nnt ihr auch gerne mitgebrachte Kekse o.\u00e4. deponieren, die ihr mit allen teilen wollt.<\/p>\n<h2 id=\"kammerkonzert\">Kammerkonzert Silvester<\/h2>\n<p> <a href=\"wp-content\/uploads\/2018\/01\/kammerkonzert1.jpg\"><img decoding=\"async\" src=\"wp-content\/uploads\/2018\/01\/kammerkonzert1_klein.jpg\" alt=\"\" width=\"119\" class=\"alignright\"><\/a> <a href=\"wp-content\/uploads\/2018\/01\/kammerkonzert2.jpg\"><img decoding=\"async\" src=\"wp-content\/uploads\/2018\/01\/kammerkonzert2_klein.jpg\" alt=\"\" width=\"100\" class=\"alignright\"><\/a> W\u00e4hrend der Silvesterphase freut sich die benachbarte Kirche \u00fcber Betr\u00e4ge zu einem kleinen Kammerkonzert. Es findet um 17:00 am Silvesterabend statt. Wenn ihr etwas dazu beitragen k\u00f6nnt\/ wollt, bringt euch gerne Noten mit und meldet euch beim Orchestervorstand.<\/p>\n<h2 id=\"kinderbetreuung\">Kinderbetreuung<\/h2>\n<p>F\u00fcr die Kinder ist bis zum Abend eine H\u00e4lfte des Kaminzimmers als Spielzimmer reserviert. Es gibt jede Menge Spielzeug und vom MZ kann eine Kinderbetreuung organisiert werden.<\/p>\n<h2 id=\"kiosk\">Kiosk<\/h2>\n<p>Links vor dem Eingang des Haupthauses gibt es einen kleinen Kiosk. Hier kann man S\u00fc\u00dfigkeiten, Getr\u00e4nke, B\u00fccher, Postkarten u.a. kaufen.<\/p>\n<h2 id=\"konzertkleidung\">Konzertkleidung<\/h2>\n<p>Die Konzertkleidung ist schwarz. Speziell f\u00fcr die M\u00e4nner: Anzug, wei\u00dfes Hemd, Kravatte oder Fliege.<\/p>\n<h2 id=\"kreuzchenliste\">Kreuzchenliste<\/h2>\n<p>Die Kreuzchenliste ist die wichtigste Liste f\u00fcr den Orchestervorstand zur Abrechnung unserer Kosten mit dem MZ. Sie wird im Laufe der Probenphase an die <a href=\"#magischewand\">magische Wand<\/a> geh\u00e4ngt. Hier sind alle Teilnehmer detailliert mit allen Mahlzeiten und \u00dcbernachtungen aufgelistet. Bitte pr\u00fcft, ob alles richtig ist (Essen Silvester, sp\u00e4tere Anreise, fr\u00fchere Abreise, <a href=\"#letztenacht\">letzte Nacht<\/a>) und macht ein H\u00e4kchen, wenn ihr eure Zeile \u00fcberpr\u00fcft habt. Bitte tragt auch weitere zu euch geh\u00f6rende G\u00e4ste\/Kinder\/Besucher ein, sofern sie noch nicht auf der Liste stehen.<\/p>\n<h2 id=\"letztenacht\">Letzte Nacht<\/h2>\n<p>Es besteht die M\u00f6glichkeit, auch nach dem letzten Konzert noch eine Nacht im MZ zu bleiben und am n\u00e4chsten Morgen zu fr\u00fchst\u00fccken. Wenn ihr von dieser M\u00f6glichkeit Gebrauch machen wollt, m\u00fcsst ihr das unbedingt in die <a href=\"#kreuzchenliste\">Kreuzchenliste<\/a> eintragen, die im Laufe der Probenphase an die <a href=\"#magischewand\">magische Wand<\/a> geh\u00e4ngt wird.<\/p>\n<h2 id=\"magischewand\">Magische Wand<\/h2>\n<p>Die mag(net)ische Wand befindet sich links im Kaminzimmer. Wie durch Zauberei halten Magneten an dieser Wand, was sie zum idealen Ort f\u00fcr verschiedenste Aush\u00e4nge macht. Hier findet ihr bei Ankunft die Infos, wer mit wem in welchem Zimmer untergebracht ist. Au\u00dferdem h\u00e4ngen hier der <a href=\"#probenplan\">Probenplan<\/a>, die <a href=\"#kreuzchenliste\">Kreuzchenliste<\/a>, die <a href=\"#tischdienst\">Tischdienstliste<\/a> und viele weitere Infos.<\/p>\n<h2 id=\"missionarischeszentrum\">Missionarisches Zentrum<\/h2>\n<p> Im Missionarischen Zentrum in <a href=\"#hanstedt\">Hanstedt I<\/a> sind wir w\u00e4hrend der Probenphasen untergebracht. Weitere Infos gibt es auf der <a href=\"http:\/\/www.mz-hanstedt.de\/\" rel=\"noopener noreferrer\" target=\"_blank\">Homepage des MZ<\/a>.<\/p>\n<h2 id=\"namensschilder\">Namensschilder<\/h2>\n<p> <a href=\"wp-content\/uploads\/2018\/01\/namensschilder.jpg\"><img decoding=\"async\" src=\"wp-content\/uploads\/2018\/01\/namensschilder_klein.jpg\" alt=\"\" width=\"100\" class=\"alignright\"><\/a> Zu Beginn der Probenphasen werden mit Hilfe eines Eddings und Malerkrepp Namensschilder improvisiert, die erstaunlich lange halten k\u00f6nnen. Meistens findet ihr sie an der gro\u00dfen Glast\u00fcr des Probensaales. Nehmt euch gerne euren Namen weg, klebt ihn euch an und erleichtert so allen Neuen, sich zurechtzufinden.<\/p>\n<h2 id=\"notenstaender\">Notenst\u00e4nder<\/h2>\n<p>Im MZ gibt es keine Notenst\u00e4nder. Bitte bringt euch einen mit!<\/p>\n<h2 id=\"probenplan\">Probenplan<\/h2>\n<p>Der Probenplan wird vom Dirigenten in Absprache mit den Stimmprobenleiter*innen abends nach der letzten Probe f\u00fcr den n\u00e4chsten Tag erstellt und an der <a href=\"#magischewand\">magischen Wand<\/a> ausgeh\u00e4ngt.<\/p>\n<h2 id=\"silvesterparty\">Silvesterparty<\/h2>\n<p> <a href=\"wp-content\/uploads\/2018\/01\/silvester1.jpg\"><img decoding=\"async\" src=\"wp-content\/uploads\/2018\/01\/silvester1_klein.jpg\" alt=\"\" width=\"88\" class=\"alignright\"><\/a> <a href=\"wp-content\/uploads\/2018\/01\/silvester2.jpg\"><img decoding=\"async\" src=\"wp-content\/uploads\/2018\/01\/silvester2_klein.jpg\" alt=\"\" width=\"88\" class=\"alignright\"><\/a> <a href=\"wp-content\/uploads\/2018\/01\/silvester3.jpg\"><img decoding=\"async\" src=\"wp-content\/uploads\/2018\/01\/silvester3_klein.jpg\" alt=\"\" width=\"88\" class=\"alignright\"><\/a> Am Silvestertag wird nur vormittags geprobt. Anschlie\u00dfend gibt es die Tradition Einiger, nach Uelzen in ein indisches Restaurant zum Mittagessen zu fahren. Der Nachmittag ist frei, es kann f\u00fcr das <a href=\"#kammerkonzert\">Kammerkonzert<\/a> in der benachbarten Kirche geprobt oder dem <a href=\"#dekoteam\">Dekoteam<\/a> geholfen werden. Um 17:00 findet das Kammerkonzert statt. Gegen 20:00 beginnt der &#8222;Bunte Abend&#8220; mit den unterschiedlichsten Beitr\u00e4gen des Orchesters, einer Feuerzangenbowle, der Vergabe der WSO-Teller, Sekt und Pfannkuchen\/Berliner\/&#8230; vom Haus, Wunderkerzen-in-den-Baum-Werfen (es gibt das Ger\u00fccht, dass W\u00fcnsche erf\u00fcllt werden, wenn die Wunderkerze h\u00e4ngen bleibt), einer n\u00e4chtlichen Suppe vom Haus, einer Zappelparty, dem 3. Brandenburgischen Konzert um 03:00 nebst einer Version mit vertauschten Instrumenten und vielem mehr. Am Neujahrsmorgen gibt es Brunch ab 10:00 und die Proben beginnen erst um 14:00.<\/p>\n<h2 id=\"tischdienst\">Tischdienst<\/h2>\n<p>Im Kaminzimmer wird an der <a href=\"#magischewand\">magischen Wand<\/a> eine Tischdienstliste aufgeh\u00e4ngt, in die sich jeder f\u00fcr mind. einen Tischdienst (Fr\u00fchst\u00fcck, Mittag, Abendessen) eintragen sollte. Zum Tischdienst geh\u00f6rt das Abr\u00e4umen, Abwischen und neue Eindecken der Tische im Essensraum.<\/p>\n<h2 id=\"tischtenniskicker\">Tischtennis und Kicker<\/h2>\n<p> <a href=\"wp-content\/uploads\/2018\/01\/tischtennis.jpg\"><img decoding=\"async\" src=\"wp-content\/uploads\/2018\/01\/tischtennis_klein.jpg\" alt=\"\" width=\"88\" class=\"alignright\"><\/a> <a href=\"wp-content\/uploads\/2018\/01\/kicker.jpg\"><img decoding=\"async\" src=\"wp-content\/uploads\/2018\/01\/kicker_klein.jpg\" alt=\"\" width=\"100\" class=\"alignright\"><\/a> Im Sportraum gibt es eine Tischtennisplatte und zwei Kickertische. Mitspieler*innen finden sich immer!<\/p>\n<h2 id=\"vollversammlung\">Vollversammlung<\/h2>\n<p> <a href=\"wp-content\/uploads\/2018\/01\/tassen.jpg\"><img decoding=\"async\" src=\"wp-content\/uploads\/2018\/01\/tassen_klein.jpg\" alt=\"\" width=\"100\" class=\"alignright\"><\/a> <a href=\"wp-content\/uploads\/2018\/01\/vollversammlung.jpg\"><img decoding=\"async\" src=\"wp-content\/uploads\/2018\/01\/vollversammlung_klein.jpg\" alt=\"\" width=\"196\" class=\"alignright\"><\/a> Nach der \u00f6ffentlichen Generalprobe der Silvesterphase gibt es im Probensaal eine Vollversammlung des gesamten Orchesters. Es werden die Fahrten zu den Konzertorten und die R\u00fcckfahrten organisiert, d.h. alle Mitspieler*innen werden auf die zur Verf\u00fcgung stehenden Autos verteilt und es wird abgefragt, wer wen nach dem letzten Konzert nach Hause oder zum Bahnhof bringen kann. Au\u00dferdem wird der Verein vorgestellt und es k\u00f6nnen WSO-Tassen gekauft werden.<\/p>\n","protected":false},"excerpt":{"rendered":"<p>Hier listen wir n\u00e4here Informationen zu verschiedensten Themen und Details auf, mit deren Hilfe ihr euch ein Bild vom Ablauf unserer Probenphasen machen k\u00f6nnt. Abholung vom Bahnhof F\u00fcr diejenigen, die mit der Bahn anreisen wollen, gibt es zwei M\u00f6glichkeiten: den <a class=\"more-link\" href=\"https:\/\/www.wendlandsinfonieorchester.de\/?page_id=7173\">weiterlesen&#8230;<\/a><\/p>\n","protected":false},"author":27,"featured_media":0,"parent":0,"menu_order":0,"comment_status":"closed","ping_status":"closed","template":"","meta":{"footnotes":""},"class_list":["post-7173","page","type-page","status-publish","hentry"],"_links":{"self":[{"href":"https:\/\/www.wendlandsinfonieorchester.de\/index.php?rest_route=\/wp\/v2\/pages\/7173","targetHints":{"allow":["GET"]}}],"collection":[{"href":"https:\/\/www.wendlandsinfonieorchester.de\/index.php?rest_route=\/wp\/v2\/pages"}],"about":[{"href":"https:\/\/www.wendlandsinfonieorchester.de\/index.php?rest_route=\/wp\/v2\/types\/page"}],"author":[{"embeddable":true,"href":"https:\/\/www.wendlandsinfonieorchester.de\/index.php?rest_route=\/wp\/v2\/users\/27"}],"replies":[{"embeddable":true,"href":"https:\/\/www.wendlandsinfonieorchester.de\/index.php?rest_route=%2Fwp%2Fv2%2Fcomments&post=7173"}],"version-history":[{"count":5,"href":"https:\/\/www.wendlandsinfonieorchester.de\/index.php?rest_route=\/wp\/v2\/pages\/7173\/revisions"}],"predecessor-version":[{"id":9206,"href":"https:\/\/www.wendlandsinfonieorchester.de\/index.php?rest_route=\/wp\/v2\/pages\/7173\/revisions\/9206"}],"wp:attachment":[{"href":"https:\/\/www.wendlandsinfonieorchester.de\/index.php?rest_route=%2Fwp%2Fv2%2Fmedia&parent=7173"}],"curies":[{"name":"wp","href":"https:\/\/api.w.org\/{rel}","templated":true}]}}