{"id":136,"date":"2015-11-23T18:34:53","date_gmt":"2015-11-23T17:34:53","guid":{"rendered":"http:\/\/localhost\/~gernot\/wordpress-wso\/?page_id=136"},"modified":"2016-02-20T18:57:44","modified_gmt":"2016-02-20T17:57:44","slug":"registrierung-2","status":"publish","type":"page","link":"https:\/\/www.wendlandsinfonieorchester.de\/?page_id=136","title":{"rendered":"Registrierung"},"content":{"rendered":"<div id=\"wpmem_reg\"><a id=\"register\"><\/a><form name=\"form\" method=\"post\" action=\"https:\/\/www.wendlandsinfonieorchester.de\/?page_id=136\" id=\"wpmem_register_form\" class=\"form\"><input type=\"hidden\" id=\"_wpmem_register_nonce\" name=\"_wpmem_register_nonce\" value=\"8daf870191\" \/><input type=\"hidden\" name=\"_wp_http_referer\" value=\"\/index.php?rest_route=%2Fwp%2Fv2%2Fpages%2F136\" \/><fieldset><legend>Registrieren<\/legend><label for=\"username\" class=\"text\">Benutzernamen ausw\u00e4hlen<font class=\"req\">*<\/font><\/label><div class=\"div_text\"><input name=\"username\" type=\"text\" id=\"username\" value=\"\" class=\"textbox\" required  \/><\/div><label for=\"user_email\" class=\"text\">E-Mail<span class=\"req\">*<\/span><\/label><div class=\"div_text\"><input name=\"user_email\" type=\"text\" id=\"user_email\" value=\"\" class=\"textbox\" required  \/><\/div><label for=\"password\" class=\"text\">Passwort<font class=\"req\">*<\/font><small><br>mind. 8 Zeichen, mind. je 1 Klein-, Gro\u00dfbuchstabe und Ziffer<\/small><\/label><div class=\"div_text\"><input name=\"password\" type=\"password\" id=\"password\" class=\"textbox\" required  \/><\/div><label for=\"confirm_password\" class=\"text\">Passwort-Best\u00e4tigung<span class=\"req\">*<\/span><\/label><div class=\"div_text\"><input name=\"confirm_password\" type=\"password\" id=\"confirm_password\" class=\"textbox\" required  \/><\/div><label for=\"gender\" class=\"select\">Anrede<span class=\"req\">*<\/span><\/label><div class=\"div_select\"><select name=\"gender\" id=\"gender\" class=\"dropdown\" required ><option value=\"\">Bitte w\u00e4hlen<\/option><option value=\"Frau\">Frau<\/option><option value=\"Herr\">Herr<\/option><\/select><\/div><label for=\"first_name\" class=\"text\">Vorname<font class=\"req\">*<\/font><\/label><div class=\"div_text\"><input name=\"first_name\" type=\"text\" id=\"first_name\" value=\"\" class=\"textbox\" required  \/><\/div><label for=\"last_name\" class=\"text\">Nachname<font class=\"req\">*<\/font><\/label><div class=\"div_text\"><input name=\"last_name\" type=\"text\" id=\"last_name\" value=\"\" class=\"textbox\" required  \/><\/div><label for=\"birthday\" class=\"text\">Geburtstag<font class=\"req\">*<\/font><small><br>Format: 01.02.2003 oder 1.2.2003<\/small><\/label><div class=\"div_text\"><input name=\"birthday\" type=\"text\" id=\"birthday\" value=\"\" class=\"textbox\" required  \/><\/div><label for=\"addr1\" class=\"text\">Stra\u00dfe und Hausnummer<span class=\"req\">*<\/span><\/label><div class=\"div_text\"><input name=\"addr1\" type=\"text\" id=\"addr1\" value=\"\" class=\"textbox\" required  \/><\/div><label for=\"zip\" class=\"text\">Postleitzahl<span class=\"req\">*<\/span><\/label><div class=\"div_text\"><input name=\"zip\" type=\"text\" id=\"zip\" value=\"\" class=\"textbox\" required  \/><\/div><label for=\"city\" class=\"text\">Stadt<span class=\"req\">*<\/span><\/label><div class=\"div_text\"><input name=\"city\" type=\"text\" id=\"city\" value=\"\" class=\"textbox\" required  \/><\/div><label for=\"country\" class=\"select\">Land<span class=\"req\">*<\/span><\/label><div class=\"div_select\"><select name=\"country\" id=\"country\" class=\"dropdown\" required ><option value=\"Afghanistan\">Afghanistan<\/option><option value=\"\u00c4gypten\">\u00c4gypten<\/option><option value=\"Albanien\">Albanien<\/option><option value=\"Algerien\">Algerien<\/option><option value=\"Andorra\">Andorra<\/option><option value=\"Angola\">Angola<\/option><option value=\"Antarktis\">Antarktis<\/option><option value=\"Antigua und Barbuda\">Antigua und Barbuda<\/option><option value=\"\u00c4quatorialguinea\">\u00c4quatorialguinea<\/option><option value=\"Argentinien\">Argentinien<\/option><option value=\"Armenien\">Armenien<\/option><option value=\"Aserbaidschan\">Aserbaidschan<\/option><option value=\"\u00c4thiopien\">\u00c4thiopien<\/option><option value=\"Australien\">Australien<\/option><option value=\"Bahamas\">Bahamas<\/option><option value=\"Bahrain\">Bahrain<\/option><option value=\"Bangladesch\">Bangladesch<\/option><option value=\"Barbados\">Barbados<\/option><option value=\"Belgien\">Belgien<\/option><option value=\"Belize\">Belize<\/option><option value=\"Benin\">Benin<\/option><option value=\"Bhutan\">Bhutan<\/option><option value=\"Bolivien\">Bolivien<\/option><option value=\"Bosnien und Herzegowina\">Bosnien und Herzegowina<\/option><option value=\"Botsuana\">Botsuana<\/option><option value=\"Brasilien\">Brasilien<\/option><option value=\"Brunei\">Brunei<\/option><option value=\"Bulgarien\">Bulgarien<\/option><option value=\"Burkina Faso\">Burkina Faso<\/option><option value=\"Birma\">Birma<\/option><option value=\"Burundi\">Burundi<\/option><option value=\"Chile\">Chile<\/option><option value=\"China\">China<\/option><option value=\"Cookinseln\">Cookinseln<\/option><option value=\"Costa Rica\">Costa Rica<\/option><option value=\"D\u00e4nemark\">D\u00e4nemark<\/option><option value=\"Deutschland\" selected>Deutschland<\/option><option value=\"Dominica\">Dominica<\/option><option value=\"Dominikanische Republik\">Dominikanische Republik<\/option><option value=\"Dschibuti\">Dschibuti<\/option><option value=\"Ecuador\">Ecuador<\/option><option value=\"Elfenbeink\u00fcste\">Elfenbeink\u00fcste<\/option><option value=\"El Salvador\">El Salvador<\/option><option value=\"Eritrea\">Eritrea<\/option><option value=\"Estland\">Estland<\/option><option value=\"Falklandinseln\">Falklandinseln<\/option><option value=\"Fidschi\">Fidschi<\/option><option value=\"Finnland\">Finnland<\/option><option value=\"F\u00f6derierte Staaten von Mikronesien\">F\u00f6derierte Staaten von Mikronesien<\/option><option value=\"Frankreich\">Frankreich<\/option><option value=\"Franz\u00f6sisch Guayana\">Franz\u00f6sisch Guayana<\/option><option value=\"Gabun\">Gabun<\/option><option value=\"Gambia\">Gambia<\/option><option value=\"Georgien\">Georgien<\/option><option value=\"Ghana\">Ghana<\/option><option value=\"Grenada\">Grenada<\/option><option value=\"Griechenland\">Griechenland<\/option><option value=\"Gro\u00dfbritannien\">Gro\u00dfbritannien<\/option><option value=\"Guatemala\">Guatemala<\/option><option value=\"Guinea\">Guinea<\/option><option value=\"Guinea-Bissau\">Guinea-Bissau<\/option><option value=\"Guyana\">Guyana<\/option><option value=\"Haiti\">Haiti<\/option><option value=\"Honduras\">Honduras<\/option><option value=\"Indien\">Indien<\/option><option value=\"Indonesien\">Indonesien<\/option><option value=\"Irak\">Irak<\/option><option value=\"Iran\">Iran<\/option><option value=\"Irland\">Irland<\/option><option value=\"Island\">Island<\/option><option value=\"Israel\">Israel<\/option><option value=\"Italien\">Italien<\/option><option value=\"Jamaika\">Jamaika<\/option><option value=\"Japan\">Japan<\/option><option value=\"Jemen\">Jemen<\/option><option value=\"Jordanien\">Jordanien<\/option><option value=\"Kambodscha\">Kambodscha<\/option><option value=\"Kamerun\">Kamerun<\/option><option value=\"Kanada\">Kanada<\/option><option value=\"Kap Verde\">Kap Verde<\/option><option value=\"Kasachstan\">Kasachstan<\/option><option value=\"Katar\">Katar<\/option><option value=\"Kenia\">Kenia<\/option><option value=\"Kirgisistan\">Kirgisistan<\/option><option value=\"Kiribati\">Kiribati<\/option><option value=\"Kolumbien\">Kolumbien<\/option><option value=\"Komoren\">Komoren<\/option><option value=\"Kongo (Demokratische Republik)\">Kongo (Demokratische Republik)<\/option><option value=\"Kongo (Republik)\">Kongo (Republik)<\/option><option value=\"Kosovo\">Kosovo<\/option><option value=\"Kroatien\">Kroatien<\/option><option value=\"Kuba\">Kuba<\/option><option value=\"Kuwait\">Kuwait<\/option><option value=\"Laos\">Laos<\/option><option value=\"Lesotho\">Lesotho<\/option><option value=\"Lettland\">Lettland<\/option><option value=\"Libanon\">Libanon<\/option><option value=\"Liberia\">Liberia<\/option><option value=\"Libyen\">Libyen<\/option><option value=\"Liechtenstein\">Liechtenstein<\/option><option value=\"Litauen\">Litauen<\/option><option value=\"Luxemburg\">Luxemburg<\/option><option value=\"Madagaskar\">Madagaskar<\/option><option value=\"Malawi\">Malawi<\/option><option value=\"Malaysia\">Malaysia<\/option><option value=\"Malediven\">Malediven<\/option><option value=\"Mali\">Mali<\/option><option value=\"Malta\">Malta<\/option><option value=\"Marokko\">Marokko<\/option><option value=\"Marshallinseln\">Marshallinseln<\/option><option value=\"Mauretanien\">Mauretanien<\/option><option value=\"Mauritius\">Mauritius<\/option><option value=\"Mazedonien\">Mazedonien<\/option><option value=\"Mexiko\">Mexiko<\/option><option value=\"Mikronesien\">Mikronesien<\/option><option value=\"Moldawien\">Moldawien<\/option><option value=\"Monaco\">Monaco<\/option><option value=\"Mongolei\">Mongolei<\/option><option value=\"Montenegro\">Montenegro<\/option><option value=\"Mosambik\">Mosambik<\/option><option value=\"Myanmar\">Myanmar<\/option><option value=\"Namibia\">Namibia<\/option><option value=\"Nauru\">Nauru<\/option><option value=\"Nepal\">Nepal<\/option><option value=\"Neuseeland\">Neuseeland<\/option><option value=\"Nicaragua\">Nicaragua<\/option><option value=\"Niederlande\">Niederlande<\/option><option value=\"Niger\">Niger<\/option><option value=\"Nigeria\">Nigeria<\/option><option value=\"Nordkorea\">Nordkorea<\/option><option value=\"Nordzypern\">Nordzypern<\/option><option value=\"Norwegen\">Norwegen<\/option><option value=\"Oman\">Oman<\/option><option value=\"\u00d6sterreich\">\u00d6sterreich<\/option><option value=\"Pakistan\">Pakistan<\/option><option value=\"Palau\">Palau<\/option><option value=\"Pal\u00e4stina\">Pal\u00e4stina<\/option><option value=\"Panama\">Panama<\/option><option value=\"Papua-Neuguinea\">Papua-Neuguinea<\/option><option value=\"Paraguay\">Paraguay<\/option><option value=\"Peru\">Peru<\/option><option value=\"Philippinen\">Philippinen<\/option><option value=\"Polen\">Polen<\/option><option value=\"Portugal\">Portugal<\/option><option value=\"Ruanda\">Ruanda<\/option><option value=\"Rum\u00e4nien\">Rum\u00e4nien<\/option><option value=\"Russland\">Russland<\/option><option value=\"Saint Kitts und Nevis\">Saint Kitts und Nevis<\/option><option value=\"Saint Lucia\">Saint Lucia<\/option><option value=\"Saint Vincent und die Grenadinen\">Saint Vincent und die Grenadinen<\/option><option value=\"Salomonen\">Salomonen<\/option><option value=\"Sambia\">Sambia<\/option><option value=\"Samoa\">Samoa<\/option><option value=\"San Marino\">San Marino<\/option><option value=\"S\u00e3o Tom\u00e9 und Pr\u00edncipe\">S\u00e3o Tom\u00e9 und Pr\u00edncipe<\/option><option value=\"Saudi-Arabien\">Saudi-Arabien<\/option><option value=\"Senegal\">Senegal<\/option><option value=\"Serbien\">Serbien<\/option><option value=\"Seychellen\">Seychellen<\/option><option value=\"Sierra Leone\">Sierra Leone<\/option><option value=\"Singapur\">Singapur<\/option><option value=\"Simbabwe\">Simbabwe<\/option><option value=\"Slowakei\">Slowakei<\/option><option value=\"Slowenien\">Slowenien<\/option><option value=\"Somalia\">Somalia<\/option><option value=\"Spanien\">Spanien<\/option><option value=\"SriLanka\">SriLanka<\/option><option value=\"S\u00fcdafrika\">S\u00fcdafrika<\/option><option value=\"Sudan\">Sudan<\/option><option value=\"S\u00fcdsudan\">S\u00fcdsudan<\/option><option value=\"S\u00fcdkorea\">S\u00fcdkorea<\/option><option value=\"Surinam\">Surinam<\/option><option value=\"Svalbard\">Svalbard<\/option><option value=\"Swasiland\">Swasiland<\/option><option value=\"Schweden\">Schweden<\/option><option value=\"Schweiz\">Schweiz<\/option><option value=\"Syrien\">Syrien<\/option><option value=\"Tadschikistan\">Tadschikistan<\/option><option value=\"Taiwan\">Taiwan<\/option><option value=\"Tansania\">Tansania<\/option><option value=\"Thailand\">Thailand<\/option><option value=\"Timor-Leste\">Timor-Leste<\/option><option value=\"Togo\">Togo<\/option><option value=\"Tonga\">Tonga<\/option><option value=\"Trinidad und Tobago\">Trinidad und Tobago<\/option><option value=\"Tschad\">Tschad<\/option><option value=\"Tschechien\">Tschechien<\/option><option value=\"Tunesien\">Tunesien<\/option><option value=\"T\u00fcrkei\">T\u00fcrkei<\/option><option value=\"Turkmenistan\">Turkmenistan<\/option><option value=\"Tuvalu\">Tuvalu<\/option><option value=\"Uganda\">Uganda<\/option><option value=\"Ukraine\">Ukraine<\/option><option value=\"Ungarn\">Ungarn<\/option><option value=\"Uruguay\">Uruguay<\/option><option value=\"Usbekistan\">Usbekistan<\/option><option value=\"Vanuatu\">Vanuatu<\/option><option value=\"Vatikan\">Vatikan<\/option><option value=\"Venezuela\">Venezuela<\/option><option value=\"Vereinigte Arabische Emirate\">Vereinigte Arabische Emirate<\/option><option value=\"Vereinigtes K\u00f6nigreich\">Vereinigtes K\u00f6nigreich<\/option><option value=\"Vereinigte Staaten von Amerika\">Vereinigte Staaten von Amerika<\/option><option value=\"Vietnam\">Vietnam<\/option><option value=\"Wei\u00dfrussland\">Wei\u00dfrussland<\/option><option value=\"Westsahara\">Westsahara<\/option><option value=\"Zentralafrikanische Republik\">Zentralafrikanische Republik<\/option><option value=\"Zypern\">Zypern<\/option><\/select><\/div><label for=\"instrument\" class=\"select\">Instrument (Hauptinstrument)<span class=\"req\">*<\/span><\/label><div class=\"div_select\"><select name=\"instrument\" id=\"instrument\" class=\"dropdown\" required ><option value=\"\">Bitte w\u00e4hlen<\/option><option value=\"Fl\u00f6te\">Fl\u00f6te<\/option><option value=\"Oboe\">Oboe<\/option><option value=\"Klarinette\">Klarinette<\/option><option value=\"Fagott\">Fagott<\/option><option value=\"Trompete\">Trompete<\/option><option value=\"Horn\">Horn<\/option><option value=\"Posaune\">Posaune<\/option><option value=\"Bassposaune\">Bassposaune<\/option><option value=\"Tuba\">Tuba<\/option><option value=\"Violine\">Violine<\/option><option value=\"Viola\">Viola<\/option><option value=\"Cello\">Cello<\/option><option value=\"Kontrabass\">Kontrabass<\/option><option value=\"Schlagzeug\">Schlagzeug<\/option><option value=\"Harfe\">Harfe<\/option><option value=\"Dozent\">Dozent<\/option><option value=\"Maestro\">Maestro<\/option><\/select><\/div><label for=\"add_instruments\" class=\"text\">Weitere Instrumente<\/label><div class=\"div_text\"><input name=\"add_instruments\" type=\"text\" id=\"add_instruments\" value=\"\" class=\"textbox\" \/><\/div><label for=\"phone\" class=\"text\">Telefon<font class=\"req\">*<\/font><small><br>Format: +491762356489 oder 017624536287, keine Sonderzeichen au\u00dfer +<\/small><\/label><div class=\"div_text\"><input name=\"phone\" type=\"text\" id=\"phone\" value=\"\" class=\"textbox\" required  \/><\/div><label for=\"phone2\" class=\"text\">Alternative Telefonnummer<\/label><div class=\"div_text\"><input name=\"phone2\" type=\"text\" id=\"phone2\" value=\"\" class=\"textbox\" \/><\/div><div class=\"clear\"><\/div><div class=\"captcha\"><script src=\"https:\/\/www.google.com\/recaptcha\/api.js\" async defer><\/script><div class=\"g-recaptcha\" data-sitekey=\"6LeTRBYTAAAAAHOPV6sZsnLYAyxXqcrISJgVxSBI\"><\/div><\/div><br><h2>Datenschutz-Information<\/h2><div class='div_text' style='font-size: smaller;'><p>Die in diesem Registrierungsformular erhobenen Daten sowie zus\u00e4tzlich die IP-Adresse und der Zeitpunkt der Registrierung werden zur Validierung eines neuen Nutzers verwendet. Ein Teil dieser Daten wird in einer Benachrichtigungsemail an den Orchestervorstand gesendet. Die Daten werden in den Datenbanken dieser Webseite sowie im Rahmen einer regelm\u00e4\u00dfigen Datensicherung in einem Cloud-Speicher gespeichert. F\u00fcr die Organisiation von Orchesterprobenphasen werden an die in den Nutzerdaten gespeicherte Email-Adresse ca. zwei Emails pro Jahr gesendet.<\/p><p>Mit meiner Registrierung stimme ich der oben beschriebenen Verwendung meiner pers\u00f6nlichen Daten zu. Durch eine Email an den Orchestervorstand kann diese Zustimmung widerrufen werden. Dadurch werden die Nutzerdaten und somit der Zugang zum internen Bereich dieser Webseite gel\u00f6scht.<\/p><\/div><input name=\"a\" type=\"hidden\" value=\"register\" \/><input name=\"wpmem_reg_page\" type=\"hidden\" value=\"https:\/\/www.wendlandsinfonieorchester.de\/?page_id=136\" \/><div class=\"button_div\"><input name=\"submit\" type=\"submit\" value=\"Registrieren\" class=\"buttons\" \/><\/div><div class=\"req-text\"><span class=\"req\">*<\/span>Pflichtfeld<\/div><\/fieldset><\/form><\/div>\n","protected":false},"excerpt":{"rendered":"","protected":false},"author":27,"featured_media":0,"parent":0,"menu_order":0,"comment_status":"closed","ping_status":"closed","template":"","meta":{"footnotes":""},"class_list":["post-136","page","type-page","status-publish","hentry"],"_links":{"self":[{"href":"https:\/\/www.wendlandsinfonieorchester.de\/index.php?rest_route=\/wp\/v2\/pages\/136","targetHints":{"allow":["GET"]}}],"collection":[{"href":"https:\/\/www.wendlandsinfonieorchester.de\/index.php?rest_route=\/wp\/v2\/pages"}],"about":[{"href":"https:\/\/www.wendlandsinfonieorchester.de\/index.php?rest_route=\/wp\/v2\/types\/page"}],"author":[{"embeddable":true,"href":"https:\/\/www.wendlandsinfonieorchester.de\/index.php?rest_route=\/wp\/v2\/users\/27"}],"replies":[{"embeddable":true,"href":"https:\/\/www.wendlandsinfonieorchester.de\/index.php?rest_route=%2Fwp%2Fv2%2Fcomments&post=136"}],"version-history":[{"count":0,"href":"https:\/\/www.wendlandsinfonieorchester.de\/index.php?rest_route=\/wp\/v2\/pages\/136\/revisions"}],"wp:attachment":[{"href":"https:\/\/www.wendlandsinfonieorchester.de\/index.php?rest_route=%2Fwp%2Fv2%2Fmedia&parent=136"}],"curies":[{"name":"wp","href":"https:\/\/api.w.org\/{rel}","templated":true}]}}